{"id":9,"date":"2021-03-10T01:03:51","date_gmt":"2021-03-10T01:03:51","guid":{"rendered":"https:\/\/dorarx.dorarad.net\/hoitldgrt563948df\/?page_id=9"},"modified":"2025-08-31T23:53:50","modified_gmt":"2025-09-01T03:53:50","slug":"home","status":"publish","type":"page","link":"https:\/\/dorarx.dorarad.net\/hoitldgrt563948df\/","title":{"rendered":"Dorado Breast &#038; Radiology Center"},"content":{"rendered":"<h2 class=\"wp-block-heading has-vivid-purple-color has-text-color has-link-color wp-elements-4409593c60e29c842aea11caafe6c699\"><strong><span style=\"color: #ff00ff;\">Facilidades en Dorado Puerto Rico<\/span><\/strong><\/h2>\n<p class=\"has-vivid-cyan-blue-color has-text-color has-link-color wp-elements-b68045cf9d279a860a57abe89a46e775\"><span style=\"font-size: 16px;\"><strong>Mamograf\u00eda digital &amp; Tomosintesis<\/strong><\/span><\/p>\n<p class=\"has-vivid-cyan-blue-color has-text-color has-link-color wp-elements-0c72344f943403fab5245e33031caca1\"><span style=\"font-size: 16px;\"><strong>Sonograf\u00eda General &amp; Vascular<\/strong><\/span><\/p>\n<p class=\"has-vivid-cyan-blue-color has-text-color has-link-color wp-elements-fe1e5a2707d59c78db9fdf369c1d1ff5\"><span style=\"font-size: 16px;\"><strong>Sonograf\u00eda\u00a0 MSK<\/strong><\/span><\/p>\n<p class=\"has-vivid-cyan-blue-color has-text-color has-link-color wp-elements-59829bfa6ed0bef340c533f24914373e\"><span style=\"font-size: 16px;\"><strong>Biopsias de senos por\u00a0ultrasonido<\/strong><\/span><\/p>\n<p class=\"has-vivid-cyan-blue-color has-text-color has-link-color wp-elements-80dbcc89102e21f2aeee54a8c40fda5a\"><span style=\"font-size: 16px;\"><strong>Biopsias de tiroides ( FNA)<\/strong><\/span><\/p>\n<p class=\"has-vivid-cyan-blue-color has-text-color has-link-color wp-elements-5e498db0737622a9f979ce6179de2ff2\"><span style=\"font-size: 16px;\"><strong>Rayos X (digital-DR)<\/strong><\/span><\/p>\n<p class=\"has-vivid-cyan-blue-color has-text-color has-link-color wp-elements-e92c4bc65e1739dff33bce424b61ceae\"><span style=\"font-size: 16px;\"><strong>Resonancia Magn\u00e9tica (Pronto)<\/strong><\/span><\/p>\n<p class=\"has-vivid-cyan-blue-color has-text-color has-link-color wp-elements-eb3b889f8198a3c82043ecf9f3dff239\"><span style=\"font-size: 16px;\">T<strong>elemamograf\u00eda\/ Tele-radiolog\u00eda<\/strong><\/span><\/p>\n<p class=\"has-vivid-cyan-blue-color has-text-color has-link-color wp-elements-4ade4258e265de845cb9c7915bdcc244\"><span style=\"font-size: 16px;\"><strong>CT scan<\/strong><\/span><\/p>\n<p class=\"has-vivid-cyan-blue-color has-text-color has-link-color wp-elements-0d1ca60dbe345ff1f74b9ea4e8dc17c6\"><span style=\"font-size: 16px;\"><strong>Dexa por scan (QCT)<\/strong><\/span><\/p>\n<p class=\"has-vivid-cyan-blue-color has-text-color has-link-color wp-elements-5e92cafef585ba82b06368d54d7b72ad\"><span style=\"font-size: 16px;\"><strong>Coronary Calcium Score<\/strong><\/span><\/p>\n<p class=\"has-vivid-cyan-blue-color has-text-color has-link-color wp-elements-618ca7fe29118ef464e6a3140000aaf7\"><span style=\"font-size: 16px;\"><strong>Lung Cancer Screening LDHF<\/strong><\/span><\/p>\n<p class=\"has-vivid-cyan-blue-color has-text-color has-link-color wp-elements-a997eb21b638edf2d26b67d786e7e2a2\"><span style=\"font-size: 16px;\"><strong>PRP (Plasma Rico en Plaquetas)<\/strong><\/span><\/p>\n<p class=\"has-vivid-cyan-blue-color has-text-color has-link-color wp-elements-7f67a24170d1c32d1f960c642a79ac6c\"><span style=\"font-size: 16px;\"><strong>Tomograf\u00eda Computadorizada (CT Scan)<\/strong><\/span><\/p>\n<ul>\n<li style=\"list-style-type: none;\">\n<ul>\n<li style=\"text-align: left;\">\u00a0<\/li>\n<\/ul>\n<\/li>\n<\/ul>\n<p style=\"text-align: center;\"><img loading=\"lazy\" decoding=\"async\" class=\"size-full wp-image-293 aligncenter\" src=\"https:\/\/dorarx.dorarad.net\/hoitldgrt563948df\/wp-content\/uploads\/2025\/08\/ACR-CT.jpg\" alt=\"\" width=\"100\" height=\"101\" \/><img loading=\"lazy\" decoding=\"async\" class=\"wp-image-302 alignleft\" src=\"https:\/\/dorarx.dorarad.net\/hoitldgrt563948df\/wp-content\/uploads\/2025\/08\/QR-UBICACION.jpg\" alt=\"\" width=\"128\" height=\"127\" srcset=\"https:\/\/dorarx.dorarad.net\/hoitldgrt563948df\/wp-content\/uploads\/2025\/08\/QR-UBICACION.jpg 238w, https:\/\/dorarx.dorarad.net\/hoitldgrt563948df\/wp-content\/uploads\/2025\/08\/QR-UBICACION-150x150.jpg 150w\" sizes=\"auto, (max-width: 128px) 100vw, 128px\" \/><img loading=\"lazy\" decoding=\"async\" class=\"wp-image-301 alignright\" src=\"https:\/\/dorarx.dorarad.net\/hoitldgrt563948df\/wp-content\/uploads\/2025\/08\/QR-FACEBOOK-PAGE.jpg\" alt=\"\" width=\"127\" height=\"124\" srcset=\"https:\/\/dorarx.dorarad.net\/hoitldgrt563948df\/wp-content\/uploads\/2025\/08\/QR-FACEBOOK-PAGE.jpg 298w, https:\/\/dorarx.dorarad.net\/hoitldgrt563948df\/wp-content\/uploads\/2025\/08\/QR-FACEBOOK-PAGE-150x147.jpg 150w\" sizes=\"auto, (max-width: 127px) 100vw, 127px\" \/><\/p>\n","protected":false},"excerpt":{"rendered":"<p>Facilidades en Dorado Puerto Rico Mamograf\u00eda digital &amp; Tomosintesis Sonograf\u00eda General &amp; Vascular Sonograf\u00eda\u00a0 MSK Biopsias de senos por\u00a0ultrasonido Biopsias de tiroides ( FNA) Rayos X (digital-DR) Resonancia Magn\u00e9tica (Pronto) Telemamograf\u00eda\/ Tele-radiolog\u00eda CT scan Dexa por scan (QCT) Coronary Calcium Score Lung Cancer Screening LDHF PRP (Plasma Rico en Plaquetas)&#8230;<\/p>\n<p class=\"continue-reading-button\"> <a class=\"continue-reading-link\" href=\"https:\/\/dorarx.dorarad.net\/hoitldgrt563948df\/\">Continue reading<i class=\"crycon-right-dir\"><\/i><\/a><\/p>\n","protected":false},"author":1,"featured_media":0,"parent":0,"menu_order":0,"comment_status":"closed","ping_status":"closed","template":"","meta":{"footnotes":""},"class_list":["post-9","page","type-page","status-publish","hentry"],"_links":{"self":[{"href":"https:\/\/dorarx.dorarad.net\/hoitldgrt563948df\/wp-json\/wp\/v2\/pages\/9","targetHints":{"allow":["GET"]}}],"collection":[{"href":"https:\/\/dorarx.dorarad.net\/hoitldgrt563948df\/wp-json\/wp\/v2\/pages"}],"about":[{"href":"https:\/\/dorarx.dorarad.net\/hoitldgrt563948df\/wp-json\/wp\/v2\/types\/page"}],"author":[{"embeddable":true,"href":"https:\/\/dorarx.dorarad.net\/hoitldgrt563948df\/wp-json\/wp\/v2\/users\/1"}],"replies":[{"embeddable":true,"href":"https:\/\/dorarx.dorarad.net\/hoitldgrt563948df\/wp-json\/wp\/v2\/comments?post=9"}],"version-history":[{"count":100,"href":"https:\/\/dorarx.dorarad.net\/hoitldgrt563948df\/wp-json\/wp\/v2\/pages\/9\/revisions"}],"predecessor-version":[{"id":370,"href":"https:\/\/dorarx.dorarad.net\/hoitldgrt563948df\/wp-json\/wp\/v2\/pages\/9\/revisions\/370"}],"wp:attachment":[{"href":"https:\/\/dorarx.dorarad.net\/hoitldgrt563948df\/wp-json\/wp\/v2\/media?parent=9"}],"curies":[{"name":"wp","href":"https:\/\/api.w.org\/{rel}","templated":true}]}}