{"id":223,"date":"2021-03-23T13:20:08","date_gmt":"2021-03-23T17:20:08","guid":{"rendered":"https:\/\/dorarx.dorarad.net\/hoitldgrt563948df\/?page_id=223"},"modified":"2025-08-31T22:48:59","modified_gmt":"2025-09-01T02:48:59","slug":"quienes-somos","status":"publish","type":"page","link":"https:\/\/dorarx.dorarad.net\/hoitldgrt563948df\/quienes-somos\/","title":{"rendered":"Quienes Somos"},"content":{"rendered":"<p>&nbsp;<\/p>\n<p><img loading=\"lazy\" decoding=\"async\" class=\"alignnone size-medium wp-image-25\" src=\"https:\/\/dorarx.dorarad.net\/hoitldgrt563948df\/wp-content\/uploads\/2021\/03\/doctora-300x185.png\" alt=\"\" width=\"300\" height=\"185\" srcset=\"https:\/\/dorarx.dorarad.net\/hoitldgrt563948df\/wp-content\/uploads\/2021\/03\/doctora-300x185.png 300w, https:\/\/dorarx.dorarad.net\/hoitldgrt563948df\/wp-content\/uploads\/2021\/03\/doctora-150x93.png 150w, https:\/\/dorarx.dorarad.net\/hoitldgrt563948df\/wp-content\/uploads\/2021\/03\/doctora-327x201.png 327w, https:\/\/dorarx.dorarad.net\/hoitldgrt563948df\/wp-content\/uploads\/2021\/03\/doctora.png 720w\" sizes=\"auto, (max-width: 300px) 100vw, 300px\" \/><\/p>\n<p><strong>Dra. Iliana I. Alvarez Ram\u00edrez<\/strong><\/p>\n<p><strong>Radi\u00f3loga \/ Presidente<\/strong><\/p>\n<p><strong>\u00a0<\/strong><\/p>\n<p><strong>\u00a0<\/strong><strong>Advanced Radiology Imaging Services, LLC &amp;<\/strong><\/p>\n<p><strong>Dorado Breast &amp; Radiology Center<\/strong><\/p>\n<p>&nbsp;<\/p>\n<p>La Dra. Iliana I. Alvarez Ramirez practica Radiolog\u00eda Diagn\u00f3stica con subespecialidad en Im\u00e1genes de Senos (Breast Imaging) trabaja con varios grupos de m\u00e9dicos locales en Puerto Rico. \u00a0Actualmente es la fundadora de Dorado Breast &amp; Radiology Center, facilidad ubicada en Dorado, Puerto Rico.<\/p>\n<p>&nbsp;<\/p>\n<p>Su amplia experiencia incluye experiencia en Mamograf\u00eda Digital, Resonancia Magn\u00e9tica de Mama, Ecograf\u00eda Mamaria 2D Convencional, Ecograf\u00eda Mamaria Automatizada 3D y procedimientos m\u00ednimamente invasivos: procedimientos de Biopsia de Mama (Ultrasonido, Resonancia Magn\u00e9tica y procedimientos de Biopsia de Mama guiada Estereot\u00e1ctica). Tambi\u00e9n est\u00e1 certificado por MQSA y certificada en Tomos\u00edntesis.<\/p>\n<p>&nbsp;<\/p>\n<p>Su educaci\u00f3n comienza desde su Bachillerato en Biolog\u00eda en la UPR, Maestr\u00eda en Microbiolog\u00edas y Zoolog\u00eda M\u00e9dica en el RCM, Doctorado en Medicina en el RCM.\u00a0 Internado en Patolog\u00eda\u0655 en la Universidad de Puerto Rico, Medicina Interna en el Departamento de Medicina y Cirug\u00eda en el Hospital de Veteranos, Residencia en Patolog\u00eda Anat\u00f3mica y Cl\u00ednica y Fellowship en Cytopatolog\u00eda en el New York Hospital Cornell Medical Center, NYC, Fellowship en Breast Imaging en Mount Sinai Medical Center, Miami Beach, Florida y Residencia en Radiolog\u00eda Diagn\u00f3stica en Mount Sinai Medical Center, Miami Beach, Florida.<\/p>\n","protected":false},"excerpt":{"rendered":"<p>&nbsp; Dra. Iliana I. Alvarez Ram\u00edrez Radi\u00f3loga \/ Presidente \u00a0 \u00a0Advanced Radiology Imaging Services, LLC &amp; Dorado Breast &amp; Radiology Center &nbsp; La Dra. Iliana I. Alvarez Ramirez practica Radiolog\u00eda Diagn\u00f3stica con subespecialidad en Im\u00e1genes de Senos (Breast Imaging) trabaja con varios grupos de m\u00e9dicos locales en Puerto Rico. \u00a0Actualmente&#8230;<\/p>\n<p class=\"continue-reading-button\"> <a class=\"continue-reading-link\" href=\"https:\/\/dorarx.dorarad.net\/hoitldgrt563948df\/quienes-somos\/\">Continue reading<i class=\"crycon-right-dir\"><\/i><\/a><\/p>\n","protected":false},"author":1,"featured_media":0,"parent":0,"menu_order":0,"comment_status":"closed","ping_status":"closed","template":"","meta":{"footnotes":""},"class_list":["post-223","page","type-page","status-publish","hentry"],"_links":{"self":[{"href":"https:\/\/dorarx.dorarad.net\/hoitldgrt563948df\/wp-json\/wp\/v2\/pages\/223","targetHints":{"allow":["GET"]}}],"collection":[{"href":"https:\/\/dorarx.dorarad.net\/hoitldgrt563948df\/wp-json\/wp\/v2\/pages"}],"about":[{"href":"https:\/\/dorarx.dorarad.net\/hoitldgrt563948df\/wp-json\/wp\/v2\/types\/page"}],"author":[{"embeddable":true,"href":"https:\/\/dorarx.dorarad.net\/hoitldgrt563948df\/wp-json\/wp\/v2\/users\/1"}],"replies":[{"embeddable":true,"href":"https:\/\/dorarx.dorarad.net\/hoitldgrt563948df\/wp-json\/wp\/v2\/comments?post=223"}],"version-history":[{"count":4,"href":"https:\/\/dorarx.dorarad.net\/hoitldgrt563948df\/wp-json\/wp\/v2\/pages\/223\/revisions"}],"predecessor-version":[{"id":360,"href":"https:\/\/dorarx.dorarad.net\/hoitldgrt563948df\/wp-json\/wp\/v2\/pages\/223\/revisions\/360"}],"wp:attachment":[{"href":"https:\/\/dorarx.dorarad.net\/hoitldgrt563948df\/wp-json\/wp\/v2\/media?parent=223"}],"curies":[{"name":"wp","href":"https:\/\/api.w.org\/{rel}","templated":true}]}}